{"id":81,"date":"2015-03-18T18:34:06","date_gmt":"2015-03-18T18:34:06","guid":{"rendered":"https:\/\/vinyasayoga.mx\/?page_id=81"},"modified":"2025-05-20T23:26:44","modified_gmt":"2025-05-20T23:26:44","slug":"home","status":"publish","type":"page","link":"https:\/\/vinyasayoga.mx\/es\/","title":{"rendered":"Inicio"},"content":{"rendered":"<p><\/p>\n\n\n\n<figure class=\"wp-block-gallery has-nested-images columns-default is-cropped wp-block-gallery-1 is-layout-flex wp-block-gallery-is-layout-flex\">\n<figure class=\"wp-block-image size-large\"><a href=\"https:\/\/vinyasayoga.mx\/wp-content\/uploads\/2025\/05\/20-may-2025-04_07_02-p.m-5.png\"><img loading=\"lazy\" decoding=\"async\" width=\"1024\" height=\"1024\" data-id=\"3313\" src=\"https:\/\/vinyasayoga.mx\/wp-content\/uploads\/2025\/05\/20-may-2025-04_07_02-p.m-5.png\" alt=\"\" class=\"wp-image-3313\" srcset=\"https:\/\/vinyasayoga.mx\/wp-content\/uploads\/2025\/05\/20-may-2025-04_07_02-p.m-5.png 1024w, https:\/\/vinyasayoga.mx\/wp-content\/uploads\/2025\/05\/20-may-2025-04_07_02-p.m-5-300x300.png 300w, https:\/\/vinyasayoga.mx\/wp-content\/uploads\/2025\/05\/20-may-2025-04_07_02-p.m-5-150x150.png 150w\" sizes=\"auto, (max-width: 1024px) 100vw, 1024px\" \/><\/a><\/figure>\n\n\n\n<figure class=\"wp-block-image size-large\"><a href=\"https:\/\/vinyasayoga.mx\/wp-content\/uploads\/2025\/05\/VY-Sactuary-1-5-scaled.png\"><img loading=\"lazy\" decoding=\"async\" width=\"1024\" height=\"1024\" data-id=\"3312\" src=\"https:\/\/vinyasayoga.mx\/wp-content\/uploads\/2025\/05\/VY-Sactuary-1-5-1024x1024.png\" alt=\"\" class=\"wp-image-3312\" srcset=\"https:\/\/vinyasayoga.mx\/wp-content\/uploads\/2025\/05\/VY-Sactuary-1-5-1024x1024.png 1024w, https:\/\/vinyasayoga.mx\/wp-content\/uploads\/2025\/05\/VY-Sactuary-1-5-300x300.png 300w, https:\/\/vinyasayoga.mx\/wp-content\/uploads\/2025\/05\/VY-Sactuary-1-5-150x150.png 150w, https:\/\/vinyasayoga.mx\/wp-content\/uploads\/2025\/05\/VY-Sactuary-1-5-768x768.png 768w, https:\/\/vinyasayoga.mx\/wp-content\/uploads\/2025\/05\/VY-Sactuary-1-5-1536x1536.png 1536w, https:\/\/vinyasayoga.mx\/wp-content\/uploads\/2025\/05\/VY-Sactuary-1-5-2048x2048.png 2048w\" sizes=\"auto, (max-width: 1024px) 100vw, 1024px\" \/><\/a><\/figure>\n<\/figure>\n\n\n<p style=\"text-align: center;\"><a href=\"https:\/\/vinyasayoga.mx\/wp-content\/uploads\/2019\/07\/untitled-7.jpg\"><img loading=\"lazy\" decoding=\"async\" class=\"aligncenter size-full wp-image-2605\" src=\"https:\/\/vinyasayoga.mx\/wp-content\/uploads\/2019\/07\/untitled-7.jpg\" alt=\"\" width=\"4654\" height=\"3103\" srcset=\"https:\/\/vinyasayoga.mx\/wp-content\/uploads\/2019\/07\/untitled-7.jpg 4654w, https:\/\/vinyasayoga.mx\/wp-content\/uploads\/2019\/07\/untitled-7-300x200.jpg 300w, https:\/\/vinyasayoga.mx\/wp-content\/uploads\/2019\/07\/untitled-7-768x512.jpg 768w, https:\/\/vinyasayoga.mx\/wp-content\/uploads\/2019\/07\/untitled-7-1024x683.jpg 1024w, https:\/\/vinyasayoga.mx\/wp-content\/uploads\/2019\/07\/untitled-7-1568x1045.jpg 1568w\" sizes=\"auto, (max-width: 4654px) 100vw, 4654px\" \/><\/a><\/p>\n<hr \/>\n<p class=\"\" data-start=\"1738\" data-end=\"1781\">\n<p style=\"text-align: center;\">\n\n\n<figure class=\"wp-block-audio\"><audio controls src=\"https:\/\/vinyasayoga.mx\/wp-content\/uploads\/2025\/05\/landing1.mp3\"><\/audio><\/figure>\n\n\n\n<h3 class=\"wp-block-heading\">\ud83c\udf3f <strong>Santuario VY<\/strong> &amp; VY Vinyasa Yoga<\/h3>\n\n\n\n<p><em>Donde el alma respira, el cuerpo se ancla y el esp\u00edritu despierta.<\/em><\/p>\n\n\n\n<p>Entre la selva y el mar, donde el canto del amanecer se entrelaza con el susurro del manglar, nace un santuario. No construido de piedra ni de promesas vac\u00edas, sino de intenci\u00f3n, conciencia y amor por la vida.<\/p>\n\n\n\n<p><strong>Santuario VY<\/strong> es m\u00e1s que un espacio: es una llamada. Una vuelta al origen. A la sencillez. A lo sagrado.<\/p>\n\n\n\n<p>Aqu\u00ed, en tierra maya viviente, donde anta\u00f1o caminaron sabios y se escondieron piratas, florece un hogar para el yoga, la conservaci\u00f3n y la comunidad.<br>Una tierra dedicada a proteger el manglar, la vida de las tortugas marinas y la ense\u00f1anza de un yoga que se vive, no s\u00f3lo se practica.<\/p>\n\n\n\n<figure class=\"wp-block-audio\"><audio controls src=\"https:\/\/vinyasayoga.mx\/wp-content\/uploads\/2025\/05\/landing2.mp3\"><\/audio><\/figure>\n\n\n\n<p><strong>VY Vinyasa Yoga<\/strong> es el coraz\u00f3n de este santuario.<br>Una escuela que forma a profesores conscientes, compasivos y despiertos.<br>Una metodolog\u00eda que honra la ciencia, la anatom\u00eda, la tradici\u00f3n y la magia de moverse con prop\u00f3sito.<br>Aqu\u00ed, cada pr\u00e1ctica es un ritual.<br>Cada respiraci\u00f3n, una ofrenda.<br>Cada encuentro, una oportunidad de transformaci\u00f3n.<\/p>\n\n\n\n<p>Durante nuestros entrenamientos, los d\u00edas se miden no s\u00f3lo en asanas, sino en aprendizajes, silencios compartidos, ardientes atardeceres y momentos grabados en la piel como tatuajes del alma.<br>Ense\u00f1amos con rigor, cuidamos con ternura, limpiamos en comunidad y respiramos en presencia.<\/p>\n\n\n\n<p>Porque <strong>VY<\/strong> no es s\u00f3lo un lugar.<br>Es una forma de vivir.<\/p>\n\n\n\n<p>Bienvenido a casa.<br>Te est\u00e1bamos esperando.<\/p>\n\n\n\n<figure class=\"wp-block-image size-large\"><a href=\"https:\/\/vinyasayoga.mx\/wp-content\/uploads\/2015\/03\/RYS-Registry-Marks-e1698790203743.jpg\"><img loading=\"lazy\" decoding=\"async\" width=\"1024\" height=\"489\" src=\"https:\/\/vinyasayoga.mx\/wp-content\/uploads\/2015\/03\/RYS-Registry-Marks-e1698790203743-1024x489.jpg\" alt=\"\" class=\"wp-image-165\" srcset=\"https:\/\/vinyasayoga.mx\/wp-content\/uploads\/2015\/03\/RYS-Registry-Marks-e1698790203743-1024x489.jpg 1024w, https:\/\/vinyasayoga.mx\/wp-content\/uploads\/2015\/03\/RYS-Registry-Marks-e1698790203743-300x143.jpg 300w, https:\/\/vinyasayoga.mx\/wp-content\/uploads\/2015\/03\/RYS-Registry-Marks-e1698790203743-768x366.jpg 768w, https:\/\/vinyasayoga.mx\/wp-content\/uploads\/2015\/03\/RYS-Registry-Marks-e1698790203743.jpg 1331w\" sizes=\"auto, (max-width: 1024px) 100vw, 1024px\" \/><\/a><\/figure>","protected":false},"excerpt":{"rendered":"<p>\ud83c\udf3f Santuario VY y VY Vinyasa Yoga. Donde el alma respira, el cuerpo se ancla y el esp\u00edritu despierta. Entre la selva y el mar, donde el canto del amanecer se entrelaza con el susurro del manglar, nace un santuario. No construido con piedra ni promesas vac\u00edas, sino con intenci\u00f3n, consciencia y amor por la vida. <a href=\"https:\/\/vinyasayoga.mx\/es\/\" class=\"more-link\">Seguir leyendo <span class=\"screen-reader-text\">Inicio<\/span> <span class=\"meta-nav\">\u2192<\/span><\/a><\/p>","protected":false},"author":1,"featured_media":0,"parent":0,"menu_order":0,"comment_status":"closed","ping_status":"open","template":"","meta":{"footnotes":""},"class_list":["post-81","page","type-page","status-publish","hentry"],"_links":{"self":[{"href":"https:\/\/vinyasayoga.mx\/es\/wp-json\/wp\/v2\/pages\/81","targetHints":{"allow":["GET"]}}],"collection":[{"href":"https:\/\/vinyasayoga.mx\/es\/wp-json\/wp\/v2\/pages"}],"about":[{"href":"https:\/\/vinyasayoga.mx\/es\/wp-json\/wp\/v2\/types\/page"}],"author":[{"embeddable":true,"href":"https:\/\/vinyasayoga.mx\/es\/wp-json\/wp\/v2\/users\/1"}],"replies":[{"embeddable":true,"href":"https:\/\/vinyasayoga.mx\/es\/wp-json\/wp\/v2\/comments?post=81"}],"version-history":[{"count":34,"href":"https:\/\/vinyasayoga.mx\/es\/wp-json\/wp\/v2\/pages\/81\/revisions"}],"predecessor-version":[{"id":3322,"href":"https:\/\/vinyasayoga.mx\/es\/wp-json\/wp\/v2\/pages\/81\/revisions\/3322"}],"wp:attachment":[{"href":"https:\/\/vinyasayoga.mx\/es\/wp-json\/wp\/v2\/media?parent=81"}],"curies":[{"name":"wp","href":"https:\/\/api.w.org\/{rel}","templated":true}]}}