{"id":60,"date":"2015-03-18T17:09:53","date_gmt":"2015-03-18T17:09:53","guid":{"rendered":"https:\/\/vinyasayoga.mx\/?page_id=60"},"modified":"2025-05-23T22:54:29","modified_gmt":"2025-05-23T22:54:29","slug":"escuelas-2","status":"publish","type":"page","link":"https:\/\/vinyasayoga.mx\/es\/escuelas-2\/","title":{"rendered":"Instructores principales de VY"},"content":{"rendered":"<p><em>Hern\u00e1n \u201cOrs\u201d Guti\u00e9rrez, E-RYT 500<\/em><br><em>Instructor principal VYTT200 y VYTT300<\/em><em><br><\/em><em>Director General de VY Vinyasa Yoga<\/em><\/p>\n\n\n\n<figure class=\"wp-block-image\"><img decoding=\"async\" src=\"https:\/\/lh7-rt.googleusercontent.com\/docsz\/AD_4nXeSKVNqbrsAGO732PzdMsQENSqxjRtthdNjaZNyM0Yz-M2VH6hx8g8VMAsNwsQnNm4v8zNjo1Y3f6d-yyl8Qc_N83SCn4Tp1C9r2H8SSF5fYV5sk_UqmOQ8bTFCur-snCl_r38C?key=cuPuGw2vPzaUiOO_TutK4A\" alt=\"\"\/><\/figure>\n\n\n\n<figure class=\"wp-block-audio\"><audio controls src=\"https:\/\/vinyasayoga.mx\/wp-content\/uploads\/2025\/05\/ors1.mp3\"><\/audio><\/figure>\n\n\n\n<p>Antes de dedicarse de lleno al yoga, Ors era m\u00fasico, ingeniero de audio y productor musical, con una s\u00f3lida trayectoria en el mundo del sonido. Pero en alg\u00fan momento, algo en su interior le exigi\u00f3 un cambio de rumbo: cambiar el ruido por el silencio y el escenario por la esterilla. As\u00ed naci\u00f3 el camino que ahora comparte con tanta pasi\u00f3n.<\/p>\n\n\n\n<p>Ors es el coraz\u00f3n detr\u00e1s de VY Vinyasa Yoga, una escuela dedicada a la formaci\u00f3n, educaci\u00f3n continua y evoluci\u00f3n consciente de profesores de yoga.<\/p>\n\n\n\n<p>Junto a su esposa Marina Porras y un grupo de VY Lead Trainers, ha creado un modelo de ense\u00f1anza que vive no s\u00f3lo en los programas de 200 y 300 horas, sino tambi\u00e9n en la pr\u00e1ctica diaria y en cada clase compartida.<\/p>\n\n\n\n<p>Su b\u00fasqueda lo ha llevado, literalmente, por todo el mundo: desde Baja California hasta Tailandia, explorando t\u00e9cnicas de asanas y caminos hacia el crecimiento espiritual. Ha estudiado con maestros de Vinyasa y otros estilos de yoga, desde el enfoque cl\u00e1sico de Iyengar y Ashtanga, hasta enfoques modernos como Rocket Yoga 1, 2 y 3, y Acro Yoga.<\/p>\n\n\n\n<p>Adem\u00e1s, Ors ha dedicado m\u00e1s de cinco a\u00f1os a la pr\u00e1ctica de acrobacias en pareja al estilo circense, y ha profundizado en disciplinas complementarias como el chamanismo, el Reiki y el coaching de vida, enriqueciendo su visi\u00f3n hol\u00edstica del ser humano.<\/p>\n\n\n\n<p>Pero lo que realmente lo distingue es c\u00f3mo ha integrado todas estas disciplinas \u2014yoga, filosof\u00eda y\u00f3guica, Reiki e incluso tradiciones cham\u00e1nicas\u2014 desde la perspectiva de la ciencia y el pensamiento cr\u00edtico. Su formaci\u00f3n como ingeniero es la base del sistema VY Vinyasa Yoga: una metodolog\u00eda estructurada pero adaptable, fundamentada, no dogm\u00e1tica y basada en la seguridad y la aplicaci\u00f3n pr\u00e1ctica.<\/p>\n\n\n\n<figure class=\"wp-block-audio\"><audio controls src=\"https:\/\/vinyasayoga.mx\/wp-content\/uploads\/2025\/05\/ors-2.mp3\"><\/audio><\/figure>\n\n\n\n<p>Y s\u00ed, tambi\u00e9n es gracioso. De verdad. Sus ense\u00f1anzas est\u00e1n llenas de chistes espont\u00e1neos, momentos disparatados y esa calidez inconfundible que solo se obtiene de quien ha estudiado el arte del payaso, no metaf\u00f3ricamente, sino literalmente.<\/p>\n\n\n\n<p>Durante los siete a\u00f1os que Ors y Marina vivieron completamente desconectados de la red en la selva cerca de Tulum, adoptaron un estilo de vida verdaderamente sostenible, dando mucho m\u00e1s de lo que recib\u00edan. Desde generar m\u00e1s ox\u00edgeno del que consum\u00edan hasta purificar m\u00e1s agua de la que utilizaban y contribuir activamente al crecimiento y florecimiento de las especies, la flora y la fauna locales, este estilo de vida se convirti\u00f3 en un pilar fundamental de sus valores. Esa profunda inmersi\u00f3n en la sostenibilidad y la permacultura inspir\u00f3 la planificaci\u00f3n y el desarrollo del Santuario VY, una versi\u00f3n nueva y mejorada del centro de formaci\u00f3n de profesores de yoga que anta\u00f1o ten\u00edan en Tulum. Es aqu\u00ed, en este santuario, donde esas lecciones aprendidas con tanto esfuerzo cobran vida en cada rinc\u00f3n de la tierra.<\/p>\n\n\n\n<figure class=\"wp-block-audio\"><audio controls src=\"https:\/\/vinyasayoga.mx\/wp-content\/uploads\/2025\/05\/ors3.mp3\"><\/audio><\/figure>\n\n\n\n<p>Ors ha impartido miles de clases y ha certificado a cientos de profesores que ahora gu\u00edan sus propias comunidades.<\/p>\n\n\n\n<p>Si lo permites, Ors te ense\u00f1ar\u00e1 con su estilo \u00fanico, su risa f\u00e1cil y su perspectiva honesta que lo m\u00e1s importante no es la forma de la pose, sino la no violencia hacia tu cuerpo, la seguridad en tu pr\u00e1ctica y el compromiso con la filosof\u00eda de vida detr\u00e1s de la disciplina a la que ha dedicado su vida.<\/p>\n\n\n\n<p>Se define como \u201cun hombre normal que hace lo mejor que puede mientras colabora con otros para hacer de este mundo un lugar m\u00e1s feliz, difundiendo paz, amor y libertad en cada momento\u201d.<\/p>\n\n\n\n<p>Te mostrar\u00e1 c\u00f3mo encontrar el equilibrio entre el esfuerzo f\u00edsico y la meditaci\u00f3n en movimiento; c\u00f3mo escuchar los l\u00edmites de tu cuerpo, mirar hacia dentro y descubrir que lo que m\u00e1s importa no es la postura\u2026 sino tu respiraci\u00f3n.<\/p>\n\n\n\n<figure class=\"wp-block-image\"><img decoding=\"async\" src=\"https:\/\/lh7-rt.googleusercontent.com\/docsz\/AD_4nXfg5IYXcNQJFwuicQlQe0QL3u1W35fhcl1PVhGFXwJoCHqVe2kuClHjfCmR5uPcjcRGhR1-yKrgR8uMp356Hne-kODwOsFYVUqPFxLec4R5R1VnwROWVpcs-ZQ8oBzBxKJoOF4AbQ?key=cuPuGw2vPzaUiOO_TutK4A\" alt=\"\"\/><\/figure>\n\n\n\n<hr class=\"wp-block-separator has-alpha-channel-opacity\"\/>\n\n\n\n<hr class=\"wp-block-separator has-alpha-channel-opacity\"\/>\n\n\n\n<p>\ud83d\udc69\u200d\ud83c\udfeb<em> Marina Porras, E-RYT 500<\/em><br>Instructor principal VYTT200 y VYTT300<br><em>Director Administrativo de VY Vinyasa Yoga<\/em><\/p>\n\n\n\n<figure class=\"wp-block-image\"><img decoding=\"async\" src=\"https:\/\/lh7-rt.googleusercontent.com\/docsz\/AD_4nXetOPh5WSXKsFQfGMfbXwN2LdPiFOm_HXhXKkcFTi-hBm8aZF4JIirtIUoGrTDVo3fO4EMADdmKbl60OvxKBGRjrYfyvidVKQ2IB5i-S_l8ud8OX_V83AIpZs9m11qxu5ODiKxx-Q?key=cuPuGw2vPzaUiOO_TutK4A\" alt=\"\"\/><\/figure>\n\n\n\n<figure class=\"wp-block-audio\"><audio controls src=\"https:\/\/vinyasayoga.mx\/wp-content\/uploads\/2025\/05\/marina1.mp3\"><\/audio><\/figure>\n\n\n\n<p>Marina descubri\u00f3 el yoga en agosto de 2006, y a partir de ese momento su vida cambi\u00f3 para siempre.<\/p>\n\n\n\n<p>Ingeniera Qu\u00edmica con m\u00e1ster en administraci\u00f3n de empresas, tuvo una exitosa trayectoria profesional\u2026 pero por dentro se sent\u00eda perdida, frustrada y profundamente desconectada.<\/p>\n\n\n\n<p>Fue en su primera clase de yoga, y m\u00e1s concretamente, en esa primera savasana, donde todo cambi\u00f3. El yoga le aport\u00f3 confianza, alegr\u00eda y fuerza. Al principio, su camino fue puramente f\u00edsico: una pr\u00e1ctica diaria de asanas. Pero pronto, algo en su interior le pidi\u00f3 profundizar.<\/p>\n\n\n\n<p>Comenz\u00f3 a estudiar filosof\u00eda y estilo de vida y\u00f3guico, asistiendo a talleres y finalmente decidi\u00f3 sumergirse por completo, no solo para aprender m\u00e1s profundamente sino tambi\u00e9n para compartir esta disciplina con responsabilidad y amor.<\/p>\n\n\n\n<figure class=\"wp-block-audio\"><audio controls src=\"https:\/\/vinyasayoga.mx\/wp-content\/uploads\/2025\/05\/marina-2.mp3\"><\/audio><\/figure>\n\n\n\n<p>En 2008, realiz\u00f3 su primera formaci\u00f3n de profesora y para abril de ese a\u00f1o ya impart\u00eda clases de vinyasa multinivel en un gimnasio de su ciudad natal Monterrey, NL. Lo que empez\u00f3 como un hobby r\u00e1pidamente se convirti\u00f3 en una necesidad vital.<\/p>\n\n\n\n<p>En febrero de 2009, dej\u00f3 su puesto como Gerente de Ventas en una reconocida empresa internacional y se incorpor\u00f3 a VY Vinyasa Yoga como Directora Administrativa y profesora principal. Desde entonces, ha colaborado estrechamente con Ors, liderando una de las pocas escuelas mexicanas registradas en Yoga Alliance como RYS 200 y RYS 300.<\/p>\n\n\n\n<p>Marina ha invertido m\u00e1s de 900 horas en formaci\u00f3n certificada, participando en tres programas de 200 horas y uno avanzado de 300 horas, en estilos como Ashtanga, Mandala, Hatha Flow, Rocket y Vinyasa Flow. Est\u00e1 registrada en Yoga Alliance como E-RYT 500.<\/p>\n\n\n\n<p>Adem\u00e1s de su formaci\u00f3n en yoga, Marina ha practicado acrobacias en pareja al estilo circense. Tambi\u00e9n ha explorado caminos complementarios como el chamanismo y el reiki, y recientemente obtuvo la certificaci\u00f3n como profesora de Mindfulness por la Asociaci\u00f3n Internacional de Profesores de Mindfulness, lo que le permite guiar procesos m\u00e1s profundos de introspecci\u00f3n, presencia y conexi\u00f3n espiritual.<\/p>\n\n\n\n<figure class=\"wp-block-audio\"><audio controls src=\"https:\/\/vinyasayoga.mx\/wp-content\/uploads\/2025\/05\/marina3.mp3\"><\/audio><\/figure>\n\n\n\n<p>Ha realizado talleres con profesores de renombre internacional como David Williams, David Swenson, Dharma Mittra, Baptiste Marceau y Kino McGregor. Ha participado en los programas de formaci\u00f3n de VY desde 2009: primero como asistente, luego como instructora principal y, m\u00e1s recientemente, como responsable directa de los programas.<\/p>\n\n\n\n<p>Marina es una persona apasionada, firmemente convencida de que el yoga tiene un efecto casi m\u00e1gico en cada persona. En cada clase, se entrega por completo.<\/p>\n\n\n\n<p>Si se lo permites, te guiar\u00e1 para encontrar el equilibrio entre el esfuerzo f\u00edsico y la meditaci\u00f3n en movimiento; te ense\u00f1ar\u00e1 a escuchar los l\u00edmites de tu cuerpo, a mirar hacia dentro y a descubrir que lo que realmente importa no es la postura\u2026 sino tu respiraci\u00f3n.<\/p>\n\n\n<div class=\"wp-block-image\">\n<figure class=\"aligncenter\"><img decoding=\"async\" src=\"https:\/\/lh7-rt.googleusercontent.com\/docsz\/AD_4nXf-VvAQJ4qP7c4j3J59SavfdpPATw9WrZkV8UnUWgPfthaJwubVOMQ7bhy4IRT4gPYq2-r8JMSFq0GAnRcn8T3RjwP5XLOU0OS_f2CCTljymZmAwdO77xn0Hra5lLNoYG_nEi1erg?key=cuPuGw2vPzaUiOO_TutK4A\" alt=\"\"\/><\/figure>\n<\/div>","protected":false},"excerpt":{"rendered":"<p>Hern\u00e1n \u201cOrs\u201d Guti\u00e9rrez, Instructor L\u00edder E-RYT 500 VYTT200 y VYTT300, Director General de VY Vinyasa Yoga. Antes de dedicarse de lleno al yoga, Ors era m\u00fasico, ingeniero de audio y productor musical, con una s\u00f3lida trayectoria en el mundo del sonido. Pero en alg\u00fan momento, algo dentro de \u00e9l le ped\u00eda un cambio de rumbo: cambiar el ruido por\u2026 <a href=\"https:\/\/vinyasayoga.mx\/es\/escuelas-2\/\" class=\"more-link\">Seguir leyendo <span class=\"screen-reader-text\">Instructores principales de VY<\/span> <span class=\"meta-nav\">\u2192<\/span><\/a><\/p>","protected":false},"author":1,"featured_media":0,"parent":0,"menu_order":0,"comment_status":"closed","ping_status":"open","template":"","meta":{"footnotes":""},"class_list":["post-60","page","type-page","status-publish","hentry"],"_links":{"self":[{"href":"https:\/\/vinyasayoga.mx\/es\/wp-json\/wp\/v2\/pages\/60","targetHints":{"allow":["GET"]}}],"collection":[{"href":"https:\/\/vinyasayoga.mx\/es\/wp-json\/wp\/v2\/pages"}],"about":[{"href":"https:\/\/vinyasayoga.mx\/es\/wp-json\/wp\/v2\/types\/page"}],"author":[{"embeddable":true,"href":"https:\/\/vinyasayoga.mx\/es\/wp-json\/wp\/v2\/users\/1"}],"replies":[{"embeddable":true,"href":"https:\/\/vinyasayoga.mx\/es\/wp-json\/wp\/v2\/comments?post=60"}],"version-history":[{"count":47,"href":"https:\/\/vinyasayoga.mx\/es\/wp-json\/wp\/v2\/pages\/60\/revisions"}],"predecessor-version":[{"id":3330,"href":"https:\/\/vinyasayoga.mx\/es\/wp-json\/wp\/v2\/pages\/60\/revisions\/3330"}],"wp:attachment":[{"href":"https:\/\/vinyasayoga.mx\/es\/wp-json\/wp\/v2\/media?parent=60"}],"curies":[{"name":"wp","href":"https:\/\/api.w.org\/{rel}","templated":true}]}}