{"id":3412,"date":"2025-09-04T20:03:58","date_gmt":"2025-09-04T20:03:58","guid":{"rendered":"https:\/\/vinyasayoga.mx\/?page_id=3412"},"modified":"2025-09-04T20:15:11","modified_gmt":"2025-09-04T20:15:11","slug":"retreats-stays-experiences","status":"publish","type":"page","link":"https:\/\/vinyasayoga.mx\/es\/retreats-stays-experiences\/","title":{"rendered":"Retiros, estancias y experiencias"},"content":{"rendered":"<div class=\"wp-block-image\">\n<figure class=\"aligncenter size-large\"><a href=\"https:\/\/vinyasayoga.mx\/wp-content\/uploads\/2025\/09\/Screenshot_20250520_175629_Photos.jpg\"><img loading=\"lazy\" decoding=\"async\" width=\"1024\" height=\"1019\" src=\"https:\/\/vinyasayoga.mx\/wp-content\/uploads\/2025\/09\/Screenshot_20250520_175629_Photos-1024x1019.jpg\" alt=\"\" class=\"wp-image-3413\" srcset=\"https:\/\/vinyasayoga.mx\/wp-content\/uploads\/2025\/09\/Screenshot_20250520_175629_Photos-1024x1019.jpg 1024w, https:\/\/vinyasayoga.mx\/wp-content\/uploads\/2025\/09\/Screenshot_20250520_175629_Photos-300x300.jpg 300w, https:\/\/vinyasayoga.mx\/wp-content\/uploads\/2025\/09\/Screenshot_20250520_175629_Photos-150x150.jpg 150w, https:\/\/vinyasayoga.mx\/wp-content\/uploads\/2025\/09\/Screenshot_20250520_175629_Photos-768x764.jpg 768w, https:\/\/vinyasayoga.mx\/wp-content\/uploads\/2025\/09\/Screenshot_20250520_175629_Photos-12x12.jpg 12w, https:\/\/vinyasayoga.mx\/wp-content\/uploads\/2025\/09\/Screenshot_20250520_175629_Photos.jpg 1079w\" sizes=\"auto, (max-width: 1024px) 100vw, 1024px\" \/><\/a><\/figure>\n<\/div>\n\n\n<p>\ud83c\udf0a <strong>Entre la selva y el mar, hay un santuario construido para ti.<\/strong><br>Un lugar donde la naturaleza y el silencio se encuentran con el movimiento, la respiraci\u00f3n y la conexi\u00f3n humana.<\/p>\n\n\n\n<p>Nuestro coraz\u00f3n es la escuela de yoga, pero nuestras puertas tambi\u00e9n est\u00e1n abiertas a quienes buscan algo diferente: un retiro personal, una escapada de fin de semana, una experiencia compartida o una estancia m\u00e1s larga junto al mar.<\/p>\n\n\n\n<hr class=\"wp-block-separator has-alpha-channel-opacity\"\/>\n\n\n\n<h2 class=\"wp-block-heading\">Escapada de fin de semana: 3 d\u00edas para reconectar<\/h2>\n\n\n\n<p>De viernes a domingo puedes regalarte un fin de semana pensado en el equilibrio y la renovaci\u00f3n.<\/p>\n\n\n\n<ul class=\"wp-block-list\">\n<li>\ud83c\udf3f <strong>Clases de yoga y mindfulness<\/strong>:VY Vinyasa Yoga (intermedio\/avanzado), VY Acro Yoga o una clase privada de Soft Yoga disponible por una tarifa adicional.<\/li>\n\n\n\n<li>\ud83c\udf72 <strong>Opciones gastron\u00f3micas<\/strong>:Comparte una acogedora cocina estilo albergue con otros viajeros o contrata a un chef privado para preparar hasta cinco comidas al d\u00eda (desayuno, almuerzo, cena y dos refrigerios).<\/li>\n\n\n\n<li>\ud83e\uddd8 <strong>Meditaci\u00f3n diaria<\/strong>:Un espacio de silencio y presencia junto al oc\u00e9ano.<\/li>\n<\/ul>\n\n\n\n<p>Una experiencia corta y poderosa que te deja listo para volver a la vida con nueva energ\u00eda.<\/p>\n\n\n\n<hr class=\"wp-block-separator has-alpha-channel-opacity\"\/>\n\n\n\n<h2 class=\"wp-block-heading\">Estancias flexibles: cuando y como quieras<\/h2>\n\n\n\n<p>No tienes que esperar al fin de semana para visitarnos. Qu\u00e9date una o dos noches cuando quieras o elige entre nuestras... <strong>paquetes de retiro<\/strong>:<\/p>\n\n\n\n<ul class=\"wp-block-list\">\n<li><strong>Retiro semanal<\/strong>:Una semana completa de yoga, mindfulness y descanso junto al mar.<\/li>\n\n\n\n<li><strong>Escape de quincena<\/strong>:15 d\u00edas de reconexi\u00f3n profunda, ideales para bajar el ritmo y respirar en paz.<\/li>\n\n\n\n<li><strong>Programa de N\u00f3madas Digitales<\/strong>Un mes o m\u00e1s en el Santuario, combinando tu trabajo en l\u00ednea con yoga y meditaci\u00f3n a diario. Espacios c\u00f3modos, internet estable y el oc\u00e9ano como tel\u00f3n de fondo de tu oficina.<\/li>\n<\/ul>\n\n\n\n<hr class=\"wp-block-separator has-alpha-channel-opacity\"\/>\n\n\n\n<h2 class=\"wp-block-heading\">M\u00e1s all\u00e1 del tapete \u2014 experiencias en Campeche<\/h2>\n\n\n\n<p>Junto con nuestros socios locales, ofrecemos experiencias \u00fanicas que complementan su estad\u00eda:<\/p>\n\n\n\n<ul class=\"wp-block-list\">\n<li>\ud83d\udea3 Kayak y paddle board en el oc\u00e9ano y laguna.<\/li>\n\n\n\n<li>\ud83d\udc0ePaseo a caballo por la playa.<\/li>\n\n\n\n<li>\ud83d\udefa Aventuras en veh\u00edculos todo terreno y exploraciones de senderos.<\/li>\n\n\n\n<li>\ud83e\udd3f Snorkel en aguas cristalinas.<\/li>\n\n\n\n<li>\ud83c\udfdb\ufe0f Visitas a antiguas ruinas mayas y recorridos guiados por la <strong>Centro Hist\u00f3rico de Campeche<\/strong>, con sus fuertes y murallas de la \u00e9poca colonial, testigos de siglos de encuentros e historia.<\/li>\n<\/ul>\n\n\n\n<hr class=\"wp-block-separator has-alpha-channel-opacity\"\/>\n\n\n\n<h2 class=\"wp-block-heading\">Tu propio retiro<\/h2>\n\n\n\n<p>El Santuario VY es flexible. Ven solo, en pareja, con amigos o con tu propio grupo. Si eres profesor o facilitador, puedes impartir tus clases, talleres o ceremonias aqu\u00ed mientras nosotros te proporcionamos el alojamiento, las comidas y los espacios que necesitas.<\/p>\n\n\n\n<p>\ud83c\udf3f <strong>Tu grupo, tu programa, nuestro Santuario.<\/strong><\/p>\n\n\n\n<hr class=\"wp-block-separator has-alpha-channel-opacity\"\/>\n\n\n\n<h2 class=\"wp-block-heading\">Protegiendo la vibra del Santuario<\/h2>\n\n\n\n<p>En VY Sanctuary, protegemos profundamente la atm\u00f3sfera que creamos.<br>Este no es solo un centro de retiro: es un santuario para la paz, el yoga y la introspecci\u00f3n.<\/p>\n\n\n\n<p>\u2728 Para honrar esta intenci\u00f3n, solicitamos amablemente a todos los hu\u00e9spedes que respeten lo siguiente:<\/p>\n\n\n\n<ul class=\"wp-block-list\">\n<li>\ud83d\udeab <strong>No se permite alcohol ni drogas recreativas.<\/strong> Se permite el acceso al Santuario. Mantenemos un ambiente sobrio que fomenta la meditaci\u00f3n, la pr\u00e1ctica del yoga y la exploraci\u00f3n interior.<\/li>\n\n\n\n<li>\ud83c\udf82 <strong>S\u00f3lo adultos<\/strong>:Este espacio est\u00e1 reservado para mayores de 18 a\u00f1os, para que la energ\u00eda se mantenga enfocada e intencional.<\/li>\n\n\n\n<li>\ud83d\udcc5 <strong>S\u00f3lo reservas<\/strong>No aceptamos visitas sin cita previa. Cada invitado debe reservar con antelaci\u00f3n y compartir con nosotros un poco sobre qui\u00e9n es: si es yogui, meditador o simplemente tiene curiosidad por probar el yoga y la atenci\u00f3n plena por primera vez. Todos son bienvenidos, siempre y cuando comprendan que se trata de una... <strong>entorno del ashram<\/strong>, no es una estancia casual en un hotel.<\/li>\n<\/ul>\n\n\n\n<hr class=\"wp-block-separator has-alpha-channel-opacity\"\/>\n\n\n\n<p>En VY Sanctuary creemos que un retiro es m\u00e1s que desconectarse del mundo: es regresar a uno mismo.<br>Ya vengas un fin de semana, una temporada o traigas tu propio grupo, aqu\u00ed encontrar\u00e1s lo que necesitas: <strong>Naturaleza, silencio, pr\u00e1ctica y comunidad.<\/strong><\/p>\n\n\n\n<p>\u2728 <strong>Desde la selva hasta el mar, este es tu Santuario.<\/strong> \u2728<\/p>","protected":false},"excerpt":{"rendered":"<p>Entre la selva y el mar, hay un santuario construido para ti. Un lugar donde la naturaleza y el silencio se fusionan con el movimiento, la respiraci\u00f3n y la conexi\u00f3n humana. Nuestra escuela de yoga es nuestra pasi\u00f3n, pero tambi\u00e9n estamos abiertos a quienes buscan algo diferente: un retiro personal, una escapada de fin de semana, una experiencia compartida o una estancia m\u00e1s larga\u2026 <a href=\"https:\/\/vinyasayoga.mx\/es\/retreats-stays-experiences\/\" class=\"more-link\">Seguir leyendo <span class=\"screen-reader-text\">Retiros, estancias y experiencias<\/span> <span class=\"meta-nav\">\u2192<\/span><\/a><\/p>","protected":false},"author":1,"featured_media":0,"parent":0,"menu_order":0,"comment_status":"closed","ping_status":"closed","template":"","meta":{"footnotes":""},"class_list":["post-3412","page","type-page","status-publish","hentry"],"_links":{"self":[{"href":"https:\/\/vinyasayoga.mx\/es\/wp-json\/wp\/v2\/pages\/3412","targetHints":{"allow":["GET"]}}],"collection":[{"href":"https:\/\/vinyasayoga.mx\/es\/wp-json\/wp\/v2\/pages"}],"about":[{"href":"https:\/\/vinyasayoga.mx\/es\/wp-json\/wp\/v2\/types\/page"}],"author":[{"embeddable":true,"href":"https:\/\/vinyasayoga.mx\/es\/wp-json\/wp\/v2\/users\/1"}],"replies":[{"embeddable":true,"href":"https:\/\/vinyasayoga.mx\/es\/wp-json\/wp\/v2\/comments?post=3412"}],"version-history":[{"count":2,"href":"https:\/\/vinyasayoga.mx\/es\/wp-json\/wp\/v2\/pages\/3412\/revisions"}],"predecessor-version":[{"id":3417,"href":"https:\/\/vinyasayoga.mx\/es\/wp-json\/wp\/v2\/pages\/3412\/revisions\/3417"}],"wp:attachment":[{"href":"https:\/\/vinyasayoga.mx\/es\/wp-json\/wp\/v2\/media?parent=3412"}],"curies":[{"name":"wp","href":"https:\/\/api.w.org\/{rel}","templated":true}]}}