{"id":3377,"date":"2025-08-22T17:49:05","date_gmt":"2025-08-22T17:49:05","guid":{"rendered":"https:\/\/vinyasayoga.mx\/?page_id=3377"},"modified":"2025-08-22T18:31:45","modified_gmt":"2025-08-22T18:31:45","slug":"yoga-retreat-center-yoga-school","status":"publish","type":"page","link":"https:\/\/vinyasayoga.mx\/es\/yoga-retreat-center-yoga-school\/","title":{"rendered":"Centro de Retiros y Escuela de Yoga"},"content":{"rendered":"<div class=\"wp-block-image\">\n<figure class=\"aligncenter size-large\"><a href=\"https:\/\/vinyasayoga.mx\/wp-content\/uploads\/2025\/08\/20250809_183358-scaled.jpg\"><img loading=\"lazy\" decoding=\"async\" width=\"1024\" height=\"473\" src=\"https:\/\/vinyasayoga.mx\/wp-content\/uploads\/2025\/08\/20250809_183358-1024x473.jpg\" alt=\"\" class=\"wp-image-3383\" srcset=\"https:\/\/vinyasayoga.mx\/wp-content\/uploads\/2025\/08\/20250809_183358-1024x473.jpg 1024w, https:\/\/vinyasayoga.mx\/wp-content\/uploads\/2025\/08\/20250809_183358-300x139.jpg 300w, https:\/\/vinyasayoga.mx\/wp-content\/uploads\/2025\/08\/20250809_183358-768x355.jpg 768w, https:\/\/vinyasayoga.mx\/wp-content\/uploads\/2025\/08\/20250809_183358-1536x709.jpg 1536w, https:\/\/vinyasayoga.mx\/wp-content\/uploads\/2025\/08\/20250809_183358-2048x946.jpg 2048w\" sizes=\"auto, (max-width: 1024px) 100vw, 1024px\" \/><\/a><\/figure>\n<\/div>\n\n\n<h1 class=\"wp-block-heading\">VY Sanctuary - Retiros personalizados<\/h1>\n\n\n\n<p>\ud83c\udf0a Entre la selva y el mar, hay un espacio creado para que respires, descanses y vuelvas a ti mismo.<br>Si lo que busca no es un programa formal, sino m\u00e1s bien <strong>un retiro para el alma, dise\u00f1ado especialmente para usted<\/strong>, nuestro <strong>Santuario VY<\/strong> est\u00e1 abierto desde <strong>De octubre a finales de abril<\/strong>.<\/p>\n\n\n\n<p>Aqu\u00ed puede crear su propia experiencia:<\/p>\n\n\n\n<ul class=\"wp-block-list\">\n<li><strong>Meditaci\u00f3n Mindfulness<\/strong>, <strong>VY Vinyasa Yoga<\/strong>y <strong>VY Acro Yoga<\/strong> clases particulares o en grupo.<\/li>\n\n\n\n<li>Alojamiento frente al mar, rodeado de calma y naturaleza.<\/li>\n\n\n\n<li>Cocina compartida al estilo de un acogedor albergue, o la opci\u00f3n de un servicio de chef privado.<\/li>\n<\/ul>\n\n\n\n<p>Un retiro especialmente dise\u00f1ado para ti y tus necesidades. \ud83c\udf3f<\/p>\n\n\n\n<p><a href=\"https:\/\/vinyasayoga.mx\/es\/vy-videos\/\" data-type=\"page\" data-id=\"54\">M\u00e1s informaci\u00f3n <strong>Santuario VY<\/strong><\/a><\/p>\n\n\n\n<hr class=\"wp-block-separator has-alpha-channel-opacity\"\/>\n\n\n\n<h1 class=\"wp-block-heading\">VY Formaci\u00f3n de profesores de Vinyasa Yoga<\/h1>\n\n\n\n<p>Cuando est\u00e9s listo para profundizar, VY ofrece dos v\u00edas de formaci\u00f3n que transforman el cuerpo, la mente y el coraz\u00f3n:<\/p>\n\n\n\n<p>\u2728 <strong>200 horas - El comienzo del viaje<\/strong><br>Tu primera certificaci\u00f3n como profesor. Aqu\u00ed construyes los cimientos: anatom\u00eda, filosof\u00eda, pr\u00e1ctica y habilidades de ense\u00f1anza.<\/p>\n\n\n\n<p>\ud83d\udd25 <strong>300 horas - La ampliaci\u00f3n<\/strong><br>El siguiente paso. Una formaci\u00f3n avanzada para quienes ya poseen un diploma de 200 horas de cualquier escuela y desean ampliar su ense\u00f1anza, creatividad y visi\u00f3n.<\/p>\n\n\n\n<p>\ud83d\udc49 Elige tu camino:<br><a href=\"https:\/\/vinyasayoga.mx\/es\/200-hour-teacher-training\/\">\ud83d\udd17 M\u00e1s informaci\u00f3n sobre las 200 horas <\/a><br><a href=\"https:\/\/vinyasayoga.mx\/es\/300-hour-teacher-training\/\">\ud83d\udd17 M\u00e1s informaci\u00f3n sobre las 300 horas <\/a><\/p>\n\n\n<div class=\"wp-block-image\">\n<figure class=\"aligncenter size-large\"><a href=\"https:\/\/vinyasayoga.mx\/wp-content\/uploads\/2025\/08\/20250809_184258-1-scaled.jpg\"><img loading=\"lazy\" decoding=\"async\" width=\"1024\" height=\"473\" src=\"https:\/\/vinyasayoga.mx\/wp-content\/uploads\/2025\/08\/20250809_184258-1-1024x473.jpg\" alt=\"\" class=\"wp-image-3385\" srcset=\"https:\/\/vinyasayoga.mx\/wp-content\/uploads\/2025\/08\/20250809_184258-1-1024x473.jpg 1024w, https:\/\/vinyasayoga.mx\/wp-content\/uploads\/2025\/08\/20250809_184258-1-300x139.jpg 300w, https:\/\/vinyasayoga.mx\/wp-content\/uploads\/2025\/08\/20250809_184258-1-768x355.jpg 768w, https:\/\/vinyasayoga.mx\/wp-content\/uploads\/2025\/08\/20250809_184258-1-1536x709.jpg 1536w, https:\/\/vinyasayoga.mx\/wp-content\/uploads\/2025\/08\/20250809_184258-1-2048x946.jpg 2048w\" sizes=\"auto, (max-width: 1024px) 100vw, 1024px\" \/><\/a><\/figure>\n<\/div>","protected":false},"excerpt":{"rendered":"<p>Santuario VY \u2014 Retiros Personalizados \ud83c\udf0a Entre la selva y el mar, hay un espacio creado para que respires, descanses y regreses a ti mismo. Si lo que buscas no es un programa formal sino un retiro para el alma, dise\u00f1ado especialmente para ti, nuestro Santuario VY est\u00e1 abierto de octubre a\u2026 <a href=\"https:\/\/vinyasayoga.mx\/es\/yoga-retreat-center-yoga-school\/\" class=\"more-link\">Seguir leyendo <span class=\"screen-reader-text\">Centro de Retiros y Escuela de Yoga<\/span> <span class=\"meta-nav\">\u2192<\/span><\/a><\/p>","protected":false},"author":1,"featured_media":0,"parent":0,"menu_order":0,"comment_status":"closed","ping_status":"closed","template":"","meta":{"footnotes":""},"class_list":["post-3377","page","type-page","status-publish","hentry"],"_links":{"self":[{"href":"https:\/\/vinyasayoga.mx\/es\/wp-json\/wp\/v2\/pages\/3377","targetHints":{"allow":["GET"]}}],"collection":[{"href":"https:\/\/vinyasayoga.mx\/es\/wp-json\/wp\/v2\/pages"}],"about":[{"href":"https:\/\/vinyasayoga.mx\/es\/wp-json\/wp\/v2\/types\/page"}],"author":[{"embeddable":true,"href":"https:\/\/vinyasayoga.mx\/es\/wp-json\/wp\/v2\/users\/1"}],"replies":[{"embeddable":true,"href":"https:\/\/vinyasayoga.mx\/es\/wp-json\/wp\/v2\/comments?post=3377"}],"version-history":[{"count":8,"href":"https:\/\/vinyasayoga.mx\/es\/wp-json\/wp\/v2\/pages\/3377\/revisions"}],"predecessor-version":[{"id":3392,"href":"https:\/\/vinyasayoga.mx\/es\/wp-json\/wp\/v2\/pages\/3377\/revisions\/3392"}],"wp:attachment":[{"href":"https:\/\/vinyasayoga.mx\/es\/wp-json\/wp\/v2\/media?parent=3377"}],"curies":[{"name":"wp","href":"https:\/\/api.w.org\/{rel}","templated":true}]}}